{"id":2127,"date":"2025-06-13T10:44:07","date_gmt":"2025-06-13T10:44:07","guid":{"rendered":"https:\/\/bagadur.com\/?post_type=product&#038;p=2127"},"modified":"2025-08-11T11:35:11","modified_gmt":"2025-08-11T11:35:11","slug":"balzam-men","status":"publish","type":"product","link":"https:\/\/bagadur.com\/en\/product\/balzam-men\/","title":{"rendered":"MEN Novalift Advanced Cellular Elixir"},"content":{"rendered":"<p>Novalift is more than a serum, it is a highly effective elixir of youth, designed for those who do not agree to compromises. Precisely formulated with advanced dermo-intelligent technology, Novalift activates the skin&#039;s natural regeneration processes, providing visible tightening, redefined facial contours and a sophisticated glow. Each drop is a carefully dosed luxurious dose of renewal, intended for skin that demands perfection.<\/p>\n<p>For skin that doesn&#039;t reveal its age.<\/p>","protected":false},"excerpt":{"rendered":"<p>Novalift je vi\u0161e od seruma, to je visokoefikasni eliksir mladosti, osmi\u0161ljen za one koji ne pristaju na kompromise. Precizno formuliran naprednom dermo-inteligentnom tehnologijom, Novalift aktivira prirodne procese regeneracije ko\u017ee, pru\u017eaju\u0107i vidljivo zatezanje, redefinirane konture lica i sofisticirani sjaj. Svaka kap je pa\u017eljivo dozirana luksuzna doza obnavljanja, namenjena ko\u017ei koja zahtjeva savr\u0161enstvo. Za ko\u017eu koja ne [&hellip;]<\/p>\n","protected":false},"featured_media":3066,"comment_status":"open","ping_status":"closed","template":"","meta":{"_acf_changed":false},"product_brand":[40],"product_cat":[34],"product_tag":[],"class_list":{"0":"post-2127","1":"product","2":"type-product","3":"status-publish","4":"has-post-thumbnail","6":"product_brand-lb-bodyart-estetic","7":"product_cat-uncategorized","9":"first","10":"instock","11":"taxable","12":"shipping-taxable","13":"purchasable","14":"product-type-simple"},"acf":[],"_links":{"self":[{"href":"https:\/\/bagadur.com\/en\/wp-json\/wp\/v2\/product\/2127","targetHints":{"allow":["GET"]}}],"collection":[{"href":"https:\/\/bagadur.com\/en\/wp-json\/wp\/v2\/product"}],"about":[{"href":"https:\/\/bagadur.com\/en\/wp-json\/wp\/v2\/types\/product"}],"replies":[{"embeddable":true,"href":"https:\/\/bagadur.com\/en\/wp-json\/wp\/v2\/comments?post=2127"}],"wp:featuredmedia":[{"embeddable":true,"href":"https:\/\/bagadur.com\/en\/wp-json\/wp\/v2\/media\/3066"}],"wp:attachment":[{"href":"https:\/\/bagadur.com\/en\/wp-json\/wp\/v2\/media?parent=2127"}],"wp:term":[{"taxonomy":"product_brand","embeddable":true,"href":"https:\/\/bagadur.com\/en\/wp-json\/wp\/v2\/product_brand?post=2127"},{"taxonomy":"product_cat","embeddable":true,"href":"https:\/\/bagadur.com\/en\/wp-json\/wp\/v2\/product_cat?post=2127"},{"taxonomy":"product_tag","embeddable":true,"href":"https:\/\/bagadur.com\/en\/wp-json\/wp\/v2\/product_tag?post=2127"}],"curies":[{"name":"wp","href":"https:\/\/api.w.org\/{rel}","templated":true}]}}